{"id":299,"date":"2023-04-24T02:18:53","date_gmt":"2023-04-24T00:18:53","guid":{"rendered":"http:\/\/michaelvossaert.be\/?page_id=299"},"modified":"2024-08-12T01:13:23","modified_gmt":"2024-08-11T23:13:23","slug":"sport","status":"publish","type":"page","link":"https:\/\/michaelvossaert.be\/?page_id=299","title":{"rendered":"Le sport"},"content":{"rendered":"\t\t<div data-elementor-type=\"wp-page\" data-elementor-id=\"299\" class=\"elementor elementor-299\">\n\t\t\t\t\t\t<section class=\"elementor-section elementor-top-section elementor-element elementor-element-25ce1de2 elementor-section-boxed elementor-section-height-default elementor-section-height-default wpr-particle-no wpr-jarallax-no wpr-parallax-no wpr-sticky-section-no wpr-equal-height-no\" data-id=\"25ce1de2\" data-element_type=\"section\" data-e-type=\"section\">\n\t\t\t\t\t\t<div class=\"elementor-container elementor-column-gap-no\">\n\t\t\t\t\t<div class=\"elementor-column elementor-col-100 elementor-top-column elementor-element elementor-element-4aae996a\" data-id=\"4aae996a\" data-element_type=\"column\" data-e-type=\"column\">\n\t\t\t<div class=\"elementor-widget-wrap elementor-element-populated\">\n\t\t\t\t\t\t<section class=\"elementor-section elementor-inner-section elementor-element elementor-element-465870db elementor-section-boxed elementor-section-height-default elementor-section-height-default wpr-particle-no wpr-jarallax-no wpr-parallax-no wpr-sticky-section-no wpr-equal-height-no\" data-id=\"465870db\" data-element_type=\"section\" data-e-type=\"section\">\n\t\t\t\t\t\t<div class=\"elementor-container elementor-column-gap-no\">\n\t\t\t\t\t<div class=\"elementor-column elementor-col-66 elementor-inner-column elementor-element elementor-element-6b030b76\" data-id=\"6b030b76\" data-element_type=\"column\" data-e-type=\"column\">\n\t\t\t<div class=\"elementor-widget-wrap elementor-element-populated\">\n\t\t\t\t\t\t<div class=\"elementor-element elementor-element-3d46e4e2  ui-split-animate elementor-widget__width-initial ui-splitby-chars elementor-widget elementor-widget-heading\" data-id=\"3d46e4e2\" data-element_type=\"widget\" data-e-type=\"widget\" data-settings=\"{&quot;ui_animate_split&quot;:&quot;ui-split-animate&quot;,&quot;ui_animate_split_by&quot;:&quot;chars&quot;,&quot;ui_animate_split_style&quot;:&quot;fadeInUp&quot;}\" data-widget_type=\"heading.default\">\n\t\t\t\t<div class=\"elementor-widget-container\">\n\t\t\t\t\t<h2 class=\"elementor-heading-title elementor-size-default\">Investissons dans le sport et les sportifs, une v\u00e9ritable  plus value pour la soci\u00e9t\u00e9\n<\/h2>\t\t\t\t<\/div>\n\t\t\t\t<\/div>\n\t\t\t\t\t<\/div>\n\t\t<\/div>\n\t\t\t\t<div class=\"elementor-column elementor-col-33 elementor-inner-column elementor-element elementor-element-4b1d5233 elementor-invisible\" data-id=\"4b1d5233\" data-element_type=\"column\" data-e-type=\"column\" data-settings=\"{&quot;animation&quot;:&quot;fadeInLeft&quot;}\">\n\t\t\t<div class=\"elementor-widget-wrap elementor-element-populated\">\n\t\t\t\t\t\t<div class=\"elementor-element elementor-element-797ae3f0 elementor-widget__width-initial elementor-hidden-mobile elementor-widget elementor-widget-image\" data-id=\"797ae3f0\" data-element_type=\"widget\" data-e-type=\"widget\" data-widget_type=\"image.default\">\n\t\t\t\t<div class=\"elementor-widget-container\">\n\t\t\t\t\t\t\t\t\t\t\t\t\t\t\t<img fetchpriority=\"high\" decoding=\"async\" width=\"2084\" height=\"2256\" src=\"https:\/\/michaelvossaert.be\/wp-content\/uploads\/2023\/04\/RFED.png\" class=\"attachment-full size-full wp-image-144\" alt=\"\" srcset=\"https:\/\/michaelvossaert.be\/wp-content\/uploads\/2023\/04\/RFED.png 2084w, https:\/\/michaelvossaert.be\/wp-content\/uploads\/2023\/04\/RFED-277x300.png 277w, https:\/\/michaelvossaert.be\/wp-content\/uploads\/2023\/04\/RFED-946x1024.png 946w, https:\/\/michaelvossaert.be\/wp-content\/uploads\/2023\/04\/RFED-768x831.png 768w, https:\/\/michaelvossaert.be\/wp-content\/uploads\/2023\/04\/RFED-1419x1536.png 1419w, https:\/\/michaelvossaert.be\/wp-content\/uploads\/2023\/04\/RFED-1892x2048.png 1892w, https:\/\/michaelvossaert.be\/wp-content\/uploads\/2023\/04\/RFED-600x650.png 600w\" sizes=\"(max-width: 2084px) 100vw, 2084px\" \/>\t\t\t\t\t\t\t\t\t\t\t\t\t\t\t<\/div>\n\t\t\t\t<\/div>\n\t\t\t\t\t<\/div>\n\t\t<\/div>\n\t\t\t\t\t<\/div>\n\t\t<\/section>\n\t\t\t\t<section class=\"elementor-section elementor-inner-section elementor-element elementor-element-69dbceb3 elementor-section-boxed elementor-section-height-default elementor-section-height-default wpr-particle-no wpr-jarallax-no wpr-parallax-no wpr-sticky-section-no wpr-equal-height-no\" data-id=\"69dbceb3\" data-element_type=\"section\" data-e-type=\"section\">\n\t\t\t\t\t\t<div class=\"elementor-container elementor-column-gap-no\">\n\t\t\t\t\t<div class=\"elementor-column elementor-col-100 elementor-inner-column elementor-element elementor-element-17e174de elementor-invisible\" data-id=\"17e174de\" data-element_type=\"column\" data-e-type=\"column\" data-settings=\"{&quot;animation&quot;:&quot;fadeInRight&quot;}\">\n\t\t\t<div class=\"elementor-widget-wrap elementor-element-populated\">\n\t\t\t\t\t\t<div class=\"elementor-element elementor-element-c703f82 elementor-widget elementor-widget-text-editor\" data-id=\"c703f82\" data-element_type=\"widget\" data-e-type=\"widget\" data-widget_type=\"text-editor.default\">\n\t\t\t\t<div class=\"elementor-widget-container\">\n\t\t\t\t\t\t\t\t\t<div style=\"caret-color: #000000; color: #000000;\"><p style=\"font-weight: 400;\">Je suis un <strong>v\u00e9ritable passionn\u00e9 par le sport.<\/strong> Je pense que nous devons plus investir dans le secteur du sport au niveau de l\u2019infrastructure sportive,\u00a0de l\u2019am\u00e9lioration de la formation des coachs mais \u00e9galement dans l\u2019encadrement des sportifs de haut niveau .\u00a0\u00a0<\/p><p style=\"font-weight: 400;\"><strong>Le paysage sportif en Belgique est fragment\u00e9<\/strong> au niveau des comp\u00e9tences entre les r\u00e9gions et les communaut\u00e9s. Ce qui rend tr\u00e8s complexe son fonctionnement.\u00a0 En F\u00e9d\u00e9ration Wallonie- Bruxelles, nous comptons pr\u00e8s de 7.000 clubs sportifs, 250 centres sportifs et 70 f\u00e9d\u00e9rations sportives.\u00a0<\/p><p style=\"font-weight: 400;\">Le sport constitue sans conteste un secteur pilier dans notre soci\u00e9t\u00e9, tant en terme de <strong>bien-\u00eatre et de sant\u00e9 des citoyens qu\u2019en terme de valeurs v\u00e9hicul\u00e9es, telles que la coh\u00e9sion sociale, le respect des r\u00e8gles et la solidarit\u00e9.\u00a0<\/strong><\/p><p style=\"font-weight: 400;\">Malgr\u00e9 ces \u00e9l\u00e9ments, le sport reste malheureusement encore le parent pauvre dans les politiques. <strong>Moins de 1% du budget<\/strong> en F\u00e9d\u00e9ration Wallonie-Bruxelles et peu de projets d\u2019envergure existent pour renforcer le champ des infrastructures sportives \u00e0 vocation nationale ou internationale.\u00a0<\/p><p style=\"font-weight: 400;\">Un point d\u2019attention important constitue \u00e9galement le co\u00fbt de l\u2019acc\u00e8s au sport.\u00a0<\/p><p style=\"font-weight: 400;\">C\u2019est pourquoi, et ce dans le contexte de la crise sanitaire, j\u2019ai propos\u00e9 \u00e0 la Ministre des sports <strong><u>d\u2019adopter un ch\u00e8que sport<\/u><\/strong> pour venir en aide aux parents impact\u00e9s par la crise pour les aider dans les frais d\u2019inscription dans les clubs sportifs.\u00a0<\/p><p style=\"font-weight: 400;\">Enfin, nous pouvons compter sur de nombreux ambassadeurs du sport, notamment nos athl\u00e8tes de haut niveau. Il est primordial de revoir les moyens d\u2019accompagnement de ces athl\u00e8tes qui nous repr\u00e9sentent \u00e0 l\u2019international mais \u00e9galement qui peuvent susciter des vocations aupr\u00e8s des jeunes.\u00a0<\/p><p style=\"font-weight: 400;\">C\u2019est pourquoi, j\u2019ai d\u00e9pos\u00e9 sur la table du gouvernement, une proposition pour d\u00e9velopper <strong>un mod\u00e8le alternatif du financement du sport via les partenariats publics -priv\u00e9s<\/strong>.<\/p><\/div>\t\t\t\t\t\t\t\t<\/div>\n\t\t\t\t<\/div>\n\t\t\t\t\t<\/div>\n\t\t<\/div>\n\t\t\t\t\t<\/div>\n\t\t<\/section>\n\t\t\t\t\t<\/div>\n\t\t<\/div>\n\t\t\t\t\t<\/div>\n\t\t<\/section>\n\t\t\t\t<section class=\"elementor-section elementor-inner-section elementor-element elementor-element-22692057 elementor-section-boxed elementor-section-height-default elementor-section-height-default wpr-particle-no wpr-jarallax-no wpr-parallax-no wpr-sticky-section-no wpr-equal-height-no\" data-id=\"22692057\" data-element_type=\"section\" data-e-type=\"section\">\n\t\t\t\t\t\t<div class=\"elementor-container elementor-column-gap-no\">\n\t\t\t\t\t<div class=\"elementor-column elementor-col-100 elementor-inner-column elementor-element elementor-element-3071bc29 elementor-invisible\" data-id=\"3071bc29\" data-element_type=\"column\" data-e-type=\"column\" data-settings=\"{&quot;animation&quot;:&quot;fadeInRight&quot;}\">\n\t\t\t<div class=\"elementor-widget-wrap elementor-element-populated\">\n\t\t\t\t\t\t<div class=\"elementor-element elementor-element-50211794 elementor-widget elementor-widget-heading\" data-id=\"50211794\" data-element_type=\"widget\" data-e-type=\"widget\" data-widget_type=\"heading.default\">\n\t\t\t\t<div class=\"elementor-widget-container\">\n\t\t\t\t\t<h3 class=\"elementor-heading-title elementor-size-default\">Pour plus d'information...<\/h3>\t\t\t\t<\/div>\n\t\t\t\t<\/div>\n\t\t\t\t<div class=\"elementor-element elementor-element-835c776 elementor-widget elementor-widget-text-editor\" data-id=\"835c776\" data-element_type=\"widget\" data-e-type=\"widget\" data-widget_type=\"text-editor.default\">\n\t\t\t\t<div class=\"elementor-widget-container\">\n\t\t\t\t\t\t\t\t\t<p><a href=\"https:\/\/www.sudinfo.be\/art\/687054\/article\/2020-11-12\/michael-vossaert-milite-pour-un-cheque-sport\">https:\/\/www.sudinfo.be\/art\/687054\/article\/2020-11-12\/michael-vossaert-milite-pour-un-cheque-sport<\/a><\/p><p><a href=\"https:\/\/www.dhnet.be\/actu\/belgique\/2019\/11\/05\/le-financement-du-sport-de-haut-niveau-en-danger-voici-pourquoi-la-belgique-francophone-risque-de-louper-la-prochaine-nafi-thiam-RHCBG6OFTFGHBMYOJ7XWGZ2A64\/\">https:\/\/www.dhnet.be\/actu\/belgique\/2019\/11\/05\/le-financement-du-sport-de-haut-niveau-en-danger-voici-pourquoi-la-belgique-francophone-risque-de-louper-la-prochaine-nafi-thiam-RHCBG6OFTFGHBMYOJ7XWGZ2A64\/<\/a><\/p>\t\t\t\t\t\t\t\t<\/div>\n\t\t\t\t<\/div>\n\t\t\t\t\t<\/div>\n\t\t<\/div>\n\t\t\t\t\t<\/div>\n\t\t<\/section>\n\t\t\t\t<\/div>\n\t\t","protected":false},"excerpt":{"rendered":"<p>Investissons dans le sport et les sportifs, une v\u00e9ritable plus value pour la soci\u00e9t\u00e9 Je suis un v\u00e9ritable passionn\u00e9 par le sport.<\/p>\n","protected":false},"author":1,"featured_media":0,"parent":0,"menu_order":0,"comment_status":"closed","ping_status":"closed","template":"","meta":{"footnotes":""},"class_list":["post-299","page","type-page","status-publish","hentry"],"yoast_head":"<!-- This site is optimized with the Yoast SEO plugin v25.6 - https:\/\/yoast.com\/wordpress\/plugins\/seo\/ -->\n<title>Le sport | M. Vossaert<\/title>\n<meta name=\"robots\" content=\"index, follow, max-snippet:-1, max-image-preview:large, max-video-preview:-1\" \/>\n<link rel=\"canonical\" href=\"https:\/\/michaelvossaert.be\/?page_id=299\" \/>\n<meta property=\"og:locale\" content=\"fr_FR\" \/>\n<meta property=\"og:type\" content=\"article\" \/>\n<meta property=\"og:title\" content=\"Le sport | M. Vossaert\" \/>\n<meta property=\"og:description\" content=\"Investissons dans le sport et les sportifs, une v\u00e9ritable plus value pour la soci\u00e9t\u00e9 Je suis un v\u00e9ritable passionn\u00e9 par le sport.\" \/>\n<meta property=\"og:url\" content=\"https:\/\/michaelvossaert.be\/?page_id=299\" \/>\n<meta property=\"og:site_name\" content=\"M. Vossaert\" \/>\n<meta property=\"article:modified_time\" content=\"2024-08-11T23:13:23+00:00\" \/>\n<meta property=\"og:image\" content=\"https:\/\/michaelvossaert.be\/wp-content\/uploads\/2023\/04\/RFED.png\" \/>\n<meta name=\"twitter:card\" content=\"summary_large_image\" \/>\n<meta name=\"twitter:label1\" content=\"Dur\u00e9e de lecture estim\u00e9e\" \/>\n\t<meta name=\"twitter:data1\" content=\"3 minutes\" \/>\n<script type=\"application\/ld+json\" class=\"yoast-schema-graph\">{\"@context\":\"https:\/\/schema.org\",\"@graph\":[{\"@type\":\"WebPage\",\"@id\":\"https:\/\/michaelvossaert.be\/?page_id=299\",\"url\":\"https:\/\/michaelvossaert.be\/?page_id=299\",\"name\":\"Le sport | M. Vossaert\",\"isPartOf\":{\"@id\":\"https:\/\/michaelvossaert.be\/#website\"},\"primaryImageOfPage\":{\"@id\":\"https:\/\/michaelvossaert.be\/?page_id=299#primaryimage\"},\"image\":{\"@id\":\"https:\/\/michaelvossaert.be\/?page_id=299#primaryimage\"},\"thumbnailUrl\":\"https:\/\/michaelvossaert.be\/wp-content\/uploads\/2023\/04\/RFED.png\",\"datePublished\":\"2023-04-24T00:18:53+00:00\",\"dateModified\":\"2024-08-11T23:13:23+00:00\",\"breadcrumb\":{\"@id\":\"https:\/\/michaelvossaert.be\/?page_id=299#breadcrumb\"},\"inLanguage\":\"fr-FR\",\"potentialAction\":[{\"@type\":\"ReadAction\",\"target\":[\"https:\/\/michaelvossaert.be\/?page_id=299\"]}]},{\"@type\":\"ImageObject\",\"inLanguage\":\"fr-FR\",\"@id\":\"https:\/\/michaelvossaert.be\/?page_id=299#primaryimage\",\"url\":\"https:\/\/michaelvossaert.be\/wp-content\/uploads\/2023\/04\/RFED.png\",\"contentUrl\":\"https:\/\/michaelvossaert.be\/wp-content\/uploads\/2023\/04\/RFED.png\",\"width\":2084,\"height\":2256},{\"@type\":\"BreadcrumbList\",\"@id\":\"https:\/\/michaelvossaert.be\/?page_id=299#breadcrumb\",\"itemListElement\":[{\"@type\":\"ListItem\",\"position\":1,\"name\":\"Accueil\",\"item\":\"https:\/\/michaelvossaert.be\/\"},{\"@type\":\"ListItem\",\"position\":2,\"name\":\"Le sport\"}]},{\"@type\":\"WebSite\",\"@id\":\"https:\/\/michaelvossaert.be\/#website\",\"url\":\"https:\/\/michaelvossaert.be\/\",\"name\":\"M. Vossaert\",\"description\":\"\",\"potentialAction\":[{\"@type\":\"SearchAction\",\"target\":{\"@type\":\"EntryPoint\",\"urlTemplate\":\"https:\/\/michaelvossaert.be\/?s={search_term_string}\"},\"query-input\":{\"@type\":\"PropertyValueSpecification\",\"valueRequired\":true,\"valueName\":\"search_term_string\"}}],\"inLanguage\":\"fr-FR\"}]}<\/script>\n<!-- \/ Yoast SEO plugin. -->","yoast_head_json":{"title":"Le sport | M. Vossaert","robots":{"index":"index","follow":"follow","max-snippet":"max-snippet:-1","max-image-preview":"max-image-preview:large","max-video-preview":"max-video-preview:-1"},"canonical":"https:\/\/michaelvossaert.be\/?page_id=299","og_locale":"fr_FR","og_type":"article","og_title":"Le sport | M. Vossaert","og_description":"Investissons dans le sport et les sportifs, une v\u00e9ritable plus value pour la soci\u00e9t\u00e9 Je suis un v\u00e9ritable passionn\u00e9 par le sport.","og_url":"https:\/\/michaelvossaert.be\/?page_id=299","og_site_name":"M. Vossaert","article_modified_time":"2024-08-11T23:13:23+00:00","og_image":[{"url":"https:\/\/michaelvossaert.be\/wp-content\/uploads\/2023\/04\/RFED.png","type":"","width":"","height":""}],"twitter_card":"summary_large_image","twitter_misc":{"Dur\u00e9e de lecture estim\u00e9e":"3 minutes"},"schema":{"@context":"https:\/\/schema.org","@graph":[{"@type":"WebPage","@id":"https:\/\/michaelvossaert.be\/?page_id=299","url":"https:\/\/michaelvossaert.be\/?page_id=299","name":"Le sport | M. Vossaert","isPartOf":{"@id":"https:\/\/michaelvossaert.be\/#website"},"primaryImageOfPage":{"@id":"https:\/\/michaelvossaert.be\/?page_id=299#primaryimage"},"image":{"@id":"https:\/\/michaelvossaert.be\/?page_id=299#primaryimage"},"thumbnailUrl":"https:\/\/michaelvossaert.be\/wp-content\/uploads\/2023\/04\/RFED.png","datePublished":"2023-04-24T00:18:53+00:00","dateModified":"2024-08-11T23:13:23+00:00","breadcrumb":{"@id":"https:\/\/michaelvossaert.be\/?page_id=299#breadcrumb"},"inLanguage":"fr-FR","potentialAction":[{"@type":"ReadAction","target":["https:\/\/michaelvossaert.be\/?page_id=299"]}]},{"@type":"ImageObject","inLanguage":"fr-FR","@id":"https:\/\/michaelvossaert.be\/?page_id=299#primaryimage","url":"https:\/\/michaelvossaert.be\/wp-content\/uploads\/2023\/04\/RFED.png","contentUrl":"https:\/\/michaelvossaert.be\/wp-content\/uploads\/2023\/04\/RFED.png","width":2084,"height":2256},{"@type":"BreadcrumbList","@id":"https:\/\/michaelvossaert.be\/?page_id=299#breadcrumb","itemListElement":[{"@type":"ListItem","position":1,"name":"Accueil","item":"https:\/\/michaelvossaert.be\/"},{"@type":"ListItem","position":2,"name":"Le sport"}]},{"@type":"WebSite","@id":"https:\/\/michaelvossaert.be\/#website","url":"https:\/\/michaelvossaert.be\/","name":"M. Vossaert","description":"","potentialAction":[{"@type":"SearchAction","target":{"@type":"EntryPoint","urlTemplate":"https:\/\/michaelvossaert.be\/?s={search_term_string}"},"query-input":{"@type":"PropertyValueSpecification","valueRequired":true,"valueName":"search_term_string"}}],"inLanguage":"fr-FR"}]}},"_links":{"self":[{"href":"https:\/\/michaelvossaert.be\/index.php?rest_route=\/wp\/v2\/pages\/299"}],"collection":[{"href":"https:\/\/michaelvossaert.be\/index.php?rest_route=\/wp\/v2\/pages"}],"about":[{"href":"https:\/\/michaelvossaert.be\/index.php?rest_route=\/wp\/v2\/types\/page"}],"author":[{"embeddable":true,"href":"https:\/\/michaelvossaert.be\/index.php?rest_route=\/wp\/v2\/users\/1"}],"replies":[{"embeddable":true,"href":"https:\/\/michaelvossaert.be\/index.php?rest_route=%2Fwp%2Fv2%2Fcomments&post=299"}],"version-history":[{"count":44,"href":"https:\/\/michaelvossaert.be\/index.php?rest_route=\/wp\/v2\/pages\/299\/revisions"}],"predecessor-version":[{"id":1105,"href":"https:\/\/michaelvossaert.be\/index.php?rest_route=\/wp\/v2\/pages\/299\/revisions\/1105"}],"wp:attachment":[{"href":"https:\/\/michaelvossaert.be\/index.php?rest_route=%2Fwp%2Fv2%2Fmedia&parent=299"}],"curies":[{"name":"wp","href":"https:\/\/api.w.org\/{rel}","templated":true}]}}