{"id":285,"date":"2023-04-24T02:18:53","date_gmt":"2023-04-24T00:18:53","guid":{"rendered":"http:\/\/michaelvossaert.be\/?page_id=285"},"modified":"2023-06-01T14:22:50","modified_gmt":"2023-06-01T12:22:50","slug":"esprit-d-entreprendre","status":"publish","type":"page","link":"https:\/\/michaelvossaert.be\/?page_id=285","title":{"rendered":"L&rsquo;esprit d&rsquo;entreprendre"},"content":{"rendered":"\t\t<div data-elementor-type=\"wp-page\" data-elementor-id=\"285\" class=\"elementor elementor-285\">\n\t\t\t\t\t\t<section class=\"elementor-section elementor-top-section elementor-element elementor-element-5d63365d elementor-section-boxed elementor-section-height-default elementor-section-height-default wpr-particle-no wpr-jarallax-no wpr-parallax-no wpr-sticky-section-no wpr-equal-height-no\" data-id=\"5d63365d\" data-element_type=\"section\" data-e-type=\"section\">\n\t\t\t\t\t\t<div class=\"elementor-container elementor-column-gap-no\">\n\t\t\t\t\t<div class=\"elementor-column elementor-col-100 elementor-top-column elementor-element elementor-element-7cc07dc6\" data-id=\"7cc07dc6\" data-element_type=\"column\" data-e-type=\"column\">\n\t\t\t<div class=\"elementor-widget-wrap elementor-element-populated\">\n\t\t\t\t\t\t<section class=\"elementor-section elementor-inner-section elementor-element elementor-element-59e937ba elementor-section-boxed elementor-section-height-default elementor-section-height-default wpr-particle-no wpr-jarallax-no wpr-parallax-no wpr-sticky-section-no wpr-equal-height-no\" data-id=\"59e937ba\" data-element_type=\"section\" data-e-type=\"section\">\n\t\t\t\t\t\t<div class=\"elementor-container elementor-column-gap-no\">\n\t\t\t\t\t<div class=\"elementor-column elementor-col-66 elementor-inner-column elementor-element elementor-element-56070f5a\" data-id=\"56070f5a\" data-element_type=\"column\" data-e-type=\"column\">\n\t\t\t<div class=\"elementor-widget-wrap elementor-element-populated\">\n\t\t\t\t\t\t<div class=\"elementor-element elementor-element-5b9e83a3  ui-split-animate elementor-widget__width-initial ui-splitby-chars elementor-widget elementor-widget-heading\" data-id=\"5b9e83a3\" data-element_type=\"widget\" data-e-type=\"widget\" data-settings=\"{&quot;ui_animate_split&quot;:&quot;ui-split-animate&quot;,&quot;ui_animate_split_by&quot;:&quot;chars&quot;,&quot;ui_animate_split_style&quot;:&quot;fadeInUp&quot;}\" data-widget_type=\"heading.default\">\n\t\t\t\t<div class=\"elementor-widget-container\">\n\t\t\t\t\t<h2 class=\"elementor-heading-title elementor-size-default\">Esprit d'entreprendre  (dans les \u00e9coles) : <\/h2>\t\t\t\t<\/div>\n\t\t\t\t<\/div>\n\t\t\t\t\t<\/div>\n\t\t<\/div>\n\t\t\t\t<div class=\"elementor-column elementor-col-33 elementor-inner-column elementor-element elementor-element-3faae5c4 elementor-invisible\" data-id=\"3faae5c4\" data-element_type=\"column\" data-e-type=\"column\" data-settings=\"{&quot;animation&quot;:&quot;fadeInLeft&quot;}\">\n\t\t\t<div class=\"elementor-widget-wrap elementor-element-populated\">\n\t\t\t\t\t\t<div class=\"elementor-element elementor-element-4a0aa2ae elementor-widget__width-initial elementor-hidden-mobile elementor-widget elementor-widget-image\" data-id=\"4a0aa2ae\" data-element_type=\"widget\" data-e-type=\"widget\" data-widget_type=\"image.default\">\n\t\t\t\t<div class=\"elementor-widget-container\">\n\t\t\t\t\t\t\t\t\t\t\t\t\t\t\t<img fetchpriority=\"high\" decoding=\"async\" width=\"2084\" height=\"2256\" src=\"https:\/\/michaelvossaert.be\/wp-content\/uploads\/2023\/04\/RFED.png\" class=\"attachment-full size-full wp-image-144\" alt=\"\" srcset=\"https:\/\/michaelvossaert.be\/wp-content\/uploads\/2023\/04\/RFED.png 2084w, https:\/\/michaelvossaert.be\/wp-content\/uploads\/2023\/04\/RFED-277x300.png 277w, https:\/\/michaelvossaert.be\/wp-content\/uploads\/2023\/04\/RFED-946x1024.png 946w, https:\/\/michaelvossaert.be\/wp-content\/uploads\/2023\/04\/RFED-768x831.png 768w, https:\/\/michaelvossaert.be\/wp-content\/uploads\/2023\/04\/RFED-1419x1536.png 1419w, https:\/\/michaelvossaert.be\/wp-content\/uploads\/2023\/04\/RFED-1892x2048.png 1892w, https:\/\/michaelvossaert.be\/wp-content\/uploads\/2023\/04\/RFED-600x650.png 600w\" sizes=\"(max-width: 2084px) 100vw, 2084px\" \/>\t\t\t\t\t\t\t\t\t\t\t\t\t\t\t<\/div>\n\t\t\t\t<\/div>\n\t\t\t\t\t<\/div>\n\t\t<\/div>\n\t\t\t\t\t<\/div>\n\t\t<\/section>\n\t\t\t\t<section class=\"elementor-section elementor-inner-section elementor-element elementor-element-34926063 elementor-section-boxed elementor-section-height-default elementor-section-height-default wpr-particle-no wpr-jarallax-no wpr-parallax-no wpr-sticky-section-no wpr-equal-height-no\" data-id=\"34926063\" data-element_type=\"section\" data-e-type=\"section\">\n\t\t\t\t\t\t<div class=\"elementor-container elementor-column-gap-no\">\n\t\t\t\t\t<div class=\"elementor-column elementor-col-100 elementor-inner-column elementor-element elementor-element-176aa419 elementor-invisible\" data-id=\"176aa419\" data-element_type=\"column\" data-e-type=\"column\" data-settings=\"{&quot;animation&quot;:&quot;fadeInRight&quot;}\">\n\t\t\t<div class=\"elementor-widget-wrap elementor-element-populated\">\n\t\t\t\t\t\t<div class=\"elementor-element elementor-element-511b3037 elementor-widget elementor-widget-text-editor\" data-id=\"511b3037\" data-element_type=\"widget\" data-e-type=\"widget\" data-widget_type=\"text-editor.default\">\n\t\t\t\t<div class=\"elementor-widget-container\">\n\t\t\t\t\t\t\t\t\t<p style=\"font-weight: 400;\">Actuellement, nul ne peut nier <strong>l\u2019importance de l\u2019esprit d\u2019entreprendre<\/strong>. Loin d\u2019\u00eatre strictement limit\u00e9 au monde \u00e9conomique ou commercial, l\u2019esprit d\u2019entreprendre fait directement r\u00e9f\u00e9rence \u00e0 toute une s\u00e9rie de comp\u00e9tences transversales et est utile dans tous les domaines de la vie quotidienne.\u00a0<\/p><p style=\"font-weight: 400;\">Qu\u2019il s\u2019agisse de <strong>l\u2019esprit d\u2019initiative et d\u2019\u00e9quipe, de la cr\u00e9ativit\u00e9, du sens de l\u2019innovation et des responsabilit\u00e9s, de la confiance en soi ou de\u00a0l\u2019autonomie, l\u2019esprit d\u2019entreprendre ou d\u2019intraprendre <\/strong>englobe toute une s\u00e9rie de cl\u00e9s n\u00e9cessaires pour \u00e9voluer dans son parcours de vie.\u00a0<\/p><p style=\"font-weight: 400;\"><u>Important aussi,<\/u> il permet de se frotter de pr\u00e8s aux vertus de l\u2019\u00e9chec et de la remise en question, au d\u00e9veloppement personnel et \u00e0 certaines bases en\u00a0mati\u00e8re de gestion. En bref, il s\u2019agit l\u00e0 d\u2019une notion qui se cultive socialement dans le monde du travail et dans une vie de citoyen.<\/p><p style=\"font-weight: 400;\">Force est de constater que les chiffres en mati\u00e8re d\u2019entrepreneuriat en Belgique restent bas en comparaison avec d\u2019autres pays europ\u00e9ens. En effet, que ce soit au niveau de la prise de risque de devenir entrepreneur ou bien des indicateurs en mati\u00e8re de culture entrepreneuriale, <strong>la Belgique ne s\u2019en sort pas aussi bien qu\u2019esp\u00e9r\u00e9.\u00a0<\/strong><\/p><p style=\"font-weight: 400;\">A titre personnel, Il est n\u00e9cessaire de travailler d\u00e8s le plus jeune \u00e2ge pour d\u00e9velopper cette culture entrepreneuriale.\u00a0\u00a0<\/p><p style=\"font-weight: 400;\">C\u2019est pour cela que j\u2019ai d\u00e9pos\u00e9 en 2021 , <strong>une r\u00e9solution qui vise \u00e0 d\u00e9velopper un programme scolaire autour de l\u2019esprit d\u2019entreprendre en F\u00e9d\u00e9ration Wallonie-Bruxelles.<\/strong>\u00a0\u00a0<\/p>\t\t\t\t\t\t\t\t<\/div>\n\t\t\t\t<\/div>\n\t\t\t\t\t<\/div>\n\t\t<\/div>\n\t\t\t\t\t<\/div>\n\t\t<\/section>\n\t\t\t\t\t<\/div>\n\t\t<\/div>\n\t\t\t\t\t<\/div>\n\t\t<\/section>\n\t\t\t\t<section class=\"elementor-section elementor-inner-section elementor-element elementor-element-6bc56bdf elementor-section-boxed elementor-section-height-default elementor-section-height-default wpr-particle-no wpr-jarallax-no wpr-parallax-no wpr-sticky-section-no wpr-equal-height-no\" data-id=\"6bc56bdf\" data-element_type=\"section\" data-e-type=\"section\">\n\t\t\t\t\t\t<div class=\"elementor-container elementor-column-gap-no\">\n\t\t\t\t\t<div class=\"elementor-column elementor-col-100 elementor-inner-column elementor-element elementor-element-30c6c75f elementor-invisible\" data-id=\"30c6c75f\" data-element_type=\"column\" data-e-type=\"column\" data-settings=\"{&quot;animation&quot;:&quot;fadeInRight&quot;}\">\n\t\t\t<div class=\"elementor-widget-wrap elementor-element-populated\">\n\t\t\t\t\t\t<div class=\"elementor-element elementor-element-6db3a3fd elementor-widget elementor-widget-heading\" data-id=\"6db3a3fd\" data-element_type=\"widget\" data-e-type=\"widget\" data-widget_type=\"heading.default\">\n\t\t\t\t<div class=\"elementor-widget-container\">\n\t\t\t\t\t<h3 class=\"elementor-heading-title elementor-size-default\">Pour plus d'information...<\/h3>\t\t\t\t<\/div>\n\t\t\t\t<\/div>\n\t\t\t\t<div class=\"elementor-element elementor-element-62bcc698 elementor-widget elementor-widget-text-editor\" data-id=\"62bcc698\" data-element_type=\"widget\" data-e-type=\"widget\" data-widget_type=\"text-editor.default\">\n\t\t\t\t<div class=\"elementor-widget-container\">\n\t\t\t\t\t\t\t\t\t<p><a href=\"_wp_link_placeholder\" data-wplink-edit=\"true\">https:\/\/trends.levif.be\/a-la-une\/politique-economique\/politique-a-la-loupe-un-programme-scolaire-autour-de-lentreprenariat-une-proposition-de-michael-vossaert-defi\/<\/a><\/p>\t\t\t\t\t\t\t\t<\/div>\n\t\t\t\t<\/div>\n\t\t\t\t\t<\/div>\n\t\t<\/div>\n\t\t\t\t\t<\/div>\n\t\t<\/section>\n\t\t\t\t<\/div>\n\t\t","protected":false},"excerpt":{"rendered":"<p>Esprit d&rsquo;entreprendre (dans les \u00e9coles) : Actuellement, nul ne peut nier l\u2019importance de l\u2019esprit d\u2019entreprendre. Loin d\u2019\u00eatre strictement limit\u00e9 au monde \u00e9conomique<\/p>\n","protected":false},"author":1,"featured_media":0,"parent":0,"menu_order":0,"comment_status":"closed","ping_status":"closed","template":"","meta":{"footnotes":""},"class_list":["post-285","page","type-page","status-publish","hentry"],"yoast_head":"<!-- This site is optimized with the Yoast SEO plugin v25.6 - https:\/\/yoast.com\/wordpress\/plugins\/seo\/ -->\n<title>L&#039;esprit d&#039;entreprendre | M. Vossaert<\/title>\n<meta name=\"robots\" content=\"index, follow, max-snippet:-1, max-image-preview:large, max-video-preview:-1\" \/>\n<link rel=\"canonical\" href=\"https:\/\/michaelvossaert.be\/?page_id=285\" \/>\n<meta property=\"og:locale\" content=\"fr_FR\" \/>\n<meta property=\"og:type\" content=\"article\" \/>\n<meta property=\"og:title\" content=\"L&#039;esprit d&#039;entreprendre | M. Vossaert\" \/>\n<meta property=\"og:description\" content=\"Esprit d&rsquo;entreprendre (dans les \u00e9coles) : Actuellement, nul ne peut nier l\u2019importance de l\u2019esprit d\u2019entreprendre. Loin d\u2019\u00eatre strictement limit\u00e9 au monde \u00e9conomique\" \/>\n<meta property=\"og:url\" content=\"https:\/\/michaelvossaert.be\/?page_id=285\" \/>\n<meta property=\"og:site_name\" content=\"M. Vossaert\" \/>\n<meta property=\"article:modified_time\" content=\"2023-06-01T12:22:50+00:00\" \/>\n<meta property=\"og:image\" content=\"https:\/\/michaelvossaert.be\/wp-content\/uploads\/2023\/04\/RFED.png\" \/>\n<meta name=\"twitter:card\" content=\"summary_large_image\" \/>\n<meta name=\"twitter:label1\" content=\"Dur\u00e9e de lecture estim\u00e9e\" \/>\n\t<meta name=\"twitter:data1\" content=\"2 minutes\" \/>\n<script type=\"application\/ld+json\" class=\"yoast-schema-graph\">{\"@context\":\"https:\/\/schema.org\",\"@graph\":[{\"@type\":\"WebPage\",\"@id\":\"https:\/\/michaelvossaert.be\/?page_id=285\",\"url\":\"https:\/\/michaelvossaert.be\/?page_id=285\",\"name\":\"L'esprit d'entreprendre | M. Vossaert\",\"isPartOf\":{\"@id\":\"https:\/\/michaelvossaert.be\/#website\"},\"primaryImageOfPage\":{\"@id\":\"https:\/\/michaelvossaert.be\/?page_id=285#primaryimage\"},\"image\":{\"@id\":\"https:\/\/michaelvossaert.be\/?page_id=285#primaryimage\"},\"thumbnailUrl\":\"https:\/\/michaelvossaert.be\/wp-content\/uploads\/2023\/04\/RFED.png\",\"datePublished\":\"2023-04-24T00:18:53+00:00\",\"dateModified\":\"2023-06-01T12:22:50+00:00\",\"breadcrumb\":{\"@id\":\"https:\/\/michaelvossaert.be\/?page_id=285#breadcrumb\"},\"inLanguage\":\"fr-FR\",\"potentialAction\":[{\"@type\":\"ReadAction\",\"target\":[\"https:\/\/michaelvossaert.be\/?page_id=285\"]}]},{\"@type\":\"ImageObject\",\"inLanguage\":\"fr-FR\",\"@id\":\"https:\/\/michaelvossaert.be\/?page_id=285#primaryimage\",\"url\":\"https:\/\/michaelvossaert.be\/wp-content\/uploads\/2023\/04\/RFED.png\",\"contentUrl\":\"https:\/\/michaelvossaert.be\/wp-content\/uploads\/2023\/04\/RFED.png\",\"width\":2084,\"height\":2256},{\"@type\":\"BreadcrumbList\",\"@id\":\"https:\/\/michaelvossaert.be\/?page_id=285#breadcrumb\",\"itemListElement\":[{\"@type\":\"ListItem\",\"position\":1,\"name\":\"Accueil\",\"item\":\"https:\/\/michaelvossaert.be\/\"},{\"@type\":\"ListItem\",\"position\":2,\"name\":\"L&#8217;esprit d&#8217;entreprendre\"}]},{\"@type\":\"WebSite\",\"@id\":\"https:\/\/michaelvossaert.be\/#website\",\"url\":\"https:\/\/michaelvossaert.be\/\",\"name\":\"M. Vossaert\",\"description\":\"\",\"potentialAction\":[{\"@type\":\"SearchAction\",\"target\":{\"@type\":\"EntryPoint\",\"urlTemplate\":\"https:\/\/michaelvossaert.be\/?s={search_term_string}\"},\"query-input\":{\"@type\":\"PropertyValueSpecification\",\"valueRequired\":true,\"valueName\":\"search_term_string\"}}],\"inLanguage\":\"fr-FR\"}]}<\/script>\n<!-- \/ Yoast SEO plugin. -->","yoast_head_json":{"title":"L'esprit d'entreprendre | M. Vossaert","robots":{"index":"index","follow":"follow","max-snippet":"max-snippet:-1","max-image-preview":"max-image-preview:large","max-video-preview":"max-video-preview:-1"},"canonical":"https:\/\/michaelvossaert.be\/?page_id=285","og_locale":"fr_FR","og_type":"article","og_title":"L'esprit d'entreprendre | M. Vossaert","og_description":"Esprit d&rsquo;entreprendre (dans les \u00e9coles) : Actuellement, nul ne peut nier l\u2019importance de l\u2019esprit d\u2019entreprendre. Loin d\u2019\u00eatre strictement limit\u00e9 au monde \u00e9conomique","og_url":"https:\/\/michaelvossaert.be\/?page_id=285","og_site_name":"M. Vossaert","article_modified_time":"2023-06-01T12:22:50+00:00","og_image":[{"url":"https:\/\/michaelvossaert.be\/wp-content\/uploads\/2023\/04\/RFED.png","type":"","width":"","height":""}],"twitter_card":"summary_large_image","twitter_misc":{"Dur\u00e9e de lecture estim\u00e9e":"2 minutes"},"schema":{"@context":"https:\/\/schema.org","@graph":[{"@type":"WebPage","@id":"https:\/\/michaelvossaert.be\/?page_id=285","url":"https:\/\/michaelvossaert.be\/?page_id=285","name":"L'esprit d'entreprendre | M. Vossaert","isPartOf":{"@id":"https:\/\/michaelvossaert.be\/#website"},"primaryImageOfPage":{"@id":"https:\/\/michaelvossaert.be\/?page_id=285#primaryimage"},"image":{"@id":"https:\/\/michaelvossaert.be\/?page_id=285#primaryimage"},"thumbnailUrl":"https:\/\/michaelvossaert.be\/wp-content\/uploads\/2023\/04\/RFED.png","datePublished":"2023-04-24T00:18:53+00:00","dateModified":"2023-06-01T12:22:50+00:00","breadcrumb":{"@id":"https:\/\/michaelvossaert.be\/?page_id=285#breadcrumb"},"inLanguage":"fr-FR","potentialAction":[{"@type":"ReadAction","target":["https:\/\/michaelvossaert.be\/?page_id=285"]}]},{"@type":"ImageObject","inLanguage":"fr-FR","@id":"https:\/\/michaelvossaert.be\/?page_id=285#primaryimage","url":"https:\/\/michaelvossaert.be\/wp-content\/uploads\/2023\/04\/RFED.png","contentUrl":"https:\/\/michaelvossaert.be\/wp-content\/uploads\/2023\/04\/RFED.png","width":2084,"height":2256},{"@type":"BreadcrumbList","@id":"https:\/\/michaelvossaert.be\/?page_id=285#breadcrumb","itemListElement":[{"@type":"ListItem","position":1,"name":"Accueil","item":"https:\/\/michaelvossaert.be\/"},{"@type":"ListItem","position":2,"name":"L&#8217;esprit d&#8217;entreprendre"}]},{"@type":"WebSite","@id":"https:\/\/michaelvossaert.be\/#website","url":"https:\/\/michaelvossaert.be\/","name":"M. Vossaert","description":"","potentialAction":[{"@type":"SearchAction","target":{"@type":"EntryPoint","urlTemplate":"https:\/\/michaelvossaert.be\/?s={search_term_string}"},"query-input":{"@type":"PropertyValueSpecification","valueRequired":true,"valueName":"search_term_string"}}],"inLanguage":"fr-FR"}]}},"_links":{"self":[{"href":"https:\/\/michaelvossaert.be\/index.php?rest_route=\/wp\/v2\/pages\/285"}],"collection":[{"href":"https:\/\/michaelvossaert.be\/index.php?rest_route=\/wp\/v2\/pages"}],"about":[{"href":"https:\/\/michaelvossaert.be\/index.php?rest_route=\/wp\/v2\/types\/page"}],"author":[{"embeddable":true,"href":"https:\/\/michaelvossaert.be\/index.php?rest_route=\/wp\/v2\/users\/1"}],"replies":[{"embeddable":true,"href":"https:\/\/michaelvossaert.be\/index.php?rest_route=%2Fwp%2Fv2%2Fcomments&post=285"}],"version-history":[{"count":18,"href":"https:\/\/michaelvossaert.be\/index.php?rest_route=\/wp\/v2\/pages\/285\/revisions"}],"predecessor-version":[{"id":951,"href":"https:\/\/michaelvossaert.be\/index.php?rest_route=\/wp\/v2\/pages\/285\/revisions\/951"}],"wp:attachment":[{"href":"https:\/\/michaelvossaert.be\/index.php?rest_route=%2Fwp%2Fv2%2Fmedia&parent=285"}],"curies":[{"name":"wp","href":"https:\/\/api.w.org\/{rel}","templated":true}]}}