{"id":282,"date":"2023-04-24T02:18:53","date_gmt":"2023-04-24T00:18:53","guid":{"rendered":"http:\/\/michaelvossaert.be\/?page_id=282"},"modified":"2024-08-12T01:09:51","modified_gmt":"2024-08-11T23:09:51","slug":"emploi","status":"publish","type":"page","link":"https:\/\/michaelvossaert.be\/?page_id=282","title":{"rendered":"L&#8217;emploi"},"content":{"rendered":"\t\t<div data-elementor-type=\"wp-page\" data-elementor-id=\"282\" class=\"elementor elementor-282\">\n\t\t\t\t\t\t<section class=\"elementor-section elementor-top-section elementor-element elementor-element-41eeca6e elementor-section-boxed elementor-section-height-default elementor-section-height-default wpr-particle-no wpr-jarallax-no wpr-parallax-no wpr-sticky-section-no wpr-equal-height-no\" data-id=\"41eeca6e\" data-element_type=\"section\" data-e-type=\"section\">\n\t\t\t\t\t\t<div class=\"elementor-container elementor-column-gap-no\">\n\t\t\t\t\t<div class=\"elementor-column elementor-col-100 elementor-top-column elementor-element elementor-element-d8a4327\" data-id=\"d8a4327\" data-element_type=\"column\" data-e-type=\"column\">\n\t\t\t<div class=\"elementor-widget-wrap elementor-element-populated\">\n\t\t\t\t\t\t<section class=\"elementor-section elementor-inner-section elementor-element elementor-element-224ee6b0 elementor-section-boxed elementor-section-height-default elementor-section-height-default wpr-particle-no wpr-jarallax-no wpr-parallax-no wpr-sticky-section-no wpr-equal-height-no\" data-id=\"224ee6b0\" data-element_type=\"section\" data-e-type=\"section\">\n\t\t\t\t\t\t<div class=\"elementor-container elementor-column-gap-no\">\n\t\t\t\t\t<div class=\"elementor-column elementor-col-66 elementor-inner-column elementor-element elementor-element-2d53f94c\" data-id=\"2d53f94c\" data-element_type=\"column\" data-e-type=\"column\">\n\t\t\t<div class=\"elementor-widget-wrap elementor-element-populated\">\n\t\t\t\t\t\t<div class=\"elementor-element elementor-element-3babde70  ui-split-animate elementor-widget__width-initial ui-splitby-chars elementor-widget elementor-widget-heading\" data-id=\"3babde70\" data-element_type=\"widget\" data-e-type=\"widget\" data-settings=\"{&quot;ui_animate_split&quot;:&quot;ui-split-animate&quot;,&quot;ui_animate_split_by&quot;:&quot;chars&quot;,&quot;ui_animate_split_style&quot;:&quot;fadeInUp&quot;}\" data-widget_type=\"heading.default\">\n\t\t\t\t<div class=\"elementor-widget-container\">\n\t\t\t\t\t<h2 class=\"elementor-heading-title elementor-size-default\">\u00ab Mieux (in)former pour un m\u00e9tier \u00e0 la cl\u00e9 \u00bb<\/h2>\t\t\t\t<\/div>\n\t\t\t\t<\/div>\n\t\t\t\t\t<\/div>\n\t\t<\/div>\n\t\t\t\t<div class=\"elementor-column elementor-col-33 elementor-inner-column elementor-element elementor-element-76eccc03 elementor-invisible\" data-id=\"76eccc03\" data-element_type=\"column\" data-e-type=\"column\" data-settings=\"{&quot;animation&quot;:&quot;fadeInLeft&quot;}\">\n\t\t\t<div class=\"elementor-widget-wrap elementor-element-populated\">\n\t\t\t\t\t\t<div class=\"elementor-element elementor-element-7bfa7736 elementor-widget__width-initial elementor-hidden-mobile elementor-widget elementor-widget-image\" data-id=\"7bfa7736\" data-element_type=\"widget\" data-e-type=\"widget\" data-widget_type=\"image.default\">\n\t\t\t\t<div class=\"elementor-widget-container\">\n\t\t\t\t\t\t\t\t\t\t\t\t\t\t\t<img fetchpriority=\"high\" decoding=\"async\" width=\"2084\" height=\"2256\" src=\"https:\/\/michaelvossaert.be\/wp-content\/uploads\/2023\/04\/RFED.png\" class=\"attachment-full size-full wp-image-144\" alt=\"\" srcset=\"https:\/\/michaelvossaert.be\/wp-content\/uploads\/2023\/04\/RFED.png 2084w, https:\/\/michaelvossaert.be\/wp-content\/uploads\/2023\/04\/RFED-277x300.png 277w, https:\/\/michaelvossaert.be\/wp-content\/uploads\/2023\/04\/RFED-946x1024.png 946w, https:\/\/michaelvossaert.be\/wp-content\/uploads\/2023\/04\/RFED-768x831.png 768w, https:\/\/michaelvossaert.be\/wp-content\/uploads\/2023\/04\/RFED-1419x1536.png 1419w, https:\/\/michaelvossaert.be\/wp-content\/uploads\/2023\/04\/RFED-1892x2048.png 1892w, https:\/\/michaelvossaert.be\/wp-content\/uploads\/2023\/04\/RFED-600x650.png 600w\" sizes=\"(max-width: 2084px) 100vw, 2084px\" \/>\t\t\t\t\t\t\t\t\t\t\t\t\t\t\t<\/div>\n\t\t\t\t<\/div>\n\t\t\t\t\t<\/div>\n\t\t<\/div>\n\t\t\t\t\t<\/div>\n\t\t<\/section>\n\t\t\t\t<section class=\"elementor-section elementor-inner-section elementor-element elementor-element-10a26cd2 elementor-section-boxed elementor-section-height-default elementor-section-height-default wpr-particle-no wpr-jarallax-no wpr-parallax-no wpr-sticky-section-no wpr-equal-height-no\" data-id=\"10a26cd2\" data-element_type=\"section\" data-e-type=\"section\">\n\t\t\t\t\t\t<div class=\"elementor-container elementor-column-gap-no\">\n\t\t\t\t\t<div class=\"elementor-column elementor-col-100 elementor-inner-column elementor-element elementor-element-2a017955 elementor-invisible\" data-id=\"2a017955\" data-element_type=\"column\" data-e-type=\"column\" data-settings=\"{&quot;animation&quot;:&quot;fadeInRight&quot;}\">\n\t\t\t<div class=\"elementor-widget-wrap elementor-element-populated\">\n\t\t\t\t\t\t<div class=\"elementor-element elementor-element-5d4e8a8 elementor-widget elementor-widget-text-editor\" data-id=\"5d4e8a8\" data-element_type=\"widget\" data-e-type=\"widget\" data-widget_type=\"text-editor.default\">\n\t\t\t\t<div class=\"elementor-widget-container\">\n\t\t\t\t\t\t\t\t\t<div style=\"caret-color: #000000; color: #000000;\"><p style=\"font-weight: 400;\"><strong>Le d\u00e9fi de la qualification et de l\u2019emploi \u00e0 Bruxelles constitue pour moi un combat fondamental.\u00a0<\/strong><\/p><p style=\"font-weight: 400;\">Bruxelles regorgent de talents, il faut poursuivre une politique d\u2019activation des demandeurs d\u2019emploi et une meilleure orientation des jeunes.\u00a0Cela passe notamment par une information dynamique, moderne et de terrain.\u00a0<\/p><p style=\"font-weight: 400;\">Depuis quelques ann\u00e9es, je travaille sur ce sujet. En compl\u00e9ment des moyens d\u2019actions mis en \u0153uvre par <strong>Didier Gosuin, ancien ministre de l\u2019Emploi et de la Formation et aujourd\u2019hui, Bernard Clerfayt, actuel ministre<\/strong>, j\u2019ai propos\u00e9 la mise en place de journ\u00e9e d\u2019informations autour de l\u2019emploi et de la formation\u00a0aupr\u00e8s des jeunes dans\u00a0des lieux qu\u2019ils fr\u00e9quentent r\u00e9guli\u00e8rement (clubs de sport, maisons de jeunes ,centres culturels,\u2026)<\/p><p style=\"font-weight: 400;\">C\u2019est <strong><u>l\u2019exemple du salon de l\u2019orientation<\/u><\/strong> que j\u2019ai organis\u00e9 \u00e0 Ganshoren au sein du club de football. Nous devons poursuivre ce type d\u2019initiative pour renforcer le lien entre les acteurs de la formation et les jeunes. <strong>La logique <em>\u00ab\u00a0d\u2019aller vers\u00a0\u00bb\u00a0<\/em><\/strong>doit s\u2019amplifier dans notre r\u00e9gion bruxelloise. \u00a0<\/p><\/div>\t\t\t\t\t\t\t\t<\/div>\n\t\t\t\t<\/div>\n\t\t\t\t\t<\/div>\n\t\t<\/div>\n\t\t\t\t\t<\/div>\n\t\t<\/section>\n\t\t\t\t\t<\/div>\n\t\t<\/div>\n\t\t\t\t\t<\/div>\n\t\t<\/section>\n\t\t\t\t<section class=\"elementor-section elementor-inner-section elementor-element elementor-element-57998ffa elementor-section-boxed elementor-section-height-default elementor-section-height-default wpr-particle-no wpr-jarallax-no wpr-parallax-no wpr-sticky-section-no wpr-equal-height-no\" data-id=\"57998ffa\" data-element_type=\"section\" data-e-type=\"section\">\n\t\t\t\t\t\t<div class=\"elementor-container elementor-column-gap-no\">\n\t\t\t\t\t<div class=\"elementor-column elementor-col-100 elementor-inner-column elementor-element elementor-element-366fc4ff elementor-invisible\" data-id=\"366fc4ff\" data-element_type=\"column\" data-e-type=\"column\" data-settings=\"{&quot;animation&quot;:&quot;fadeInRight&quot;}\">\n\t\t\t<div class=\"elementor-widget-wrap elementor-element-populated\">\n\t\t\t\t\t\t<div class=\"elementor-element elementor-element-6ba6ad5b elementor-widget elementor-widget-heading\" data-id=\"6ba6ad5b\" data-element_type=\"widget\" data-e-type=\"widget\" data-widget_type=\"heading.default\">\n\t\t\t\t<div class=\"elementor-widget-container\">\n\t\t\t\t\t<h3 class=\"elementor-heading-title elementor-size-default\">Pour plus d'information...<\/h3>\t\t\t\t<\/div>\n\t\t\t\t<\/div>\n\t\t\t\t<div class=\"elementor-element elementor-element-2a8cbf17 elementor-widget elementor-widget-text-editor\" data-id=\"2a8cbf17\" data-element_type=\"widget\" data-e-type=\"widget\" data-widget_type=\"text-editor.default\">\n\t\t\t\t<div class=\"elementor-widget-container\">\n\t\t\t\t\t\t\t\t\t<p><a href=\"https:\/\/www.sudinfo.be\/id647455\/article\/2023-04-08\/un-salon-de-lorientation-lemploi-organise-au-club-de-football-de-ganshoren\">https:\/\/www.sudinfo.be\/id647455\/article\/2023-04-08\/un-salon-de-lorientation-lemploi-organise-au-club-de-football-de-ganshoren<\/a><\/p>\t\t\t\t\t\t\t\t<\/div>\n\t\t\t\t<\/div>\n\t\t\t\t\t<\/div>\n\t\t<\/div>\n\t\t\t\t\t<\/div>\n\t\t<\/section>\n\t\t\t\t<\/div>\n\t\t","protected":false},"excerpt":{"rendered":"<p>\u00ab Mieux (in)former pour un m\u00e9tier \u00e0 la cl\u00e9 \u00bb Le d\u00e9fi de la qualification et de l\u2019emploi \u00e0 Bruxelles constitue pour<\/p>\n","protected":false},"author":1,"featured_media":0,"parent":0,"menu_order":0,"comment_status":"closed","ping_status":"closed","template":"","meta":{"footnotes":""},"class_list":["post-282","page","type-page","status-publish","hentry"],"yoast_head":"<!-- This site is optimized with the Yoast SEO plugin v25.6 - https:\/\/yoast.com\/wordpress\/plugins\/seo\/ -->\n<title>L&#039;emploi | M. Vossaert<\/title>\n<meta name=\"robots\" content=\"index, follow, max-snippet:-1, max-image-preview:large, max-video-preview:-1\" \/>\n<link rel=\"canonical\" href=\"https:\/\/michaelvossaert.be\/?page_id=282\" \/>\n<meta property=\"og:locale\" content=\"fr_FR\" \/>\n<meta property=\"og:type\" content=\"article\" \/>\n<meta property=\"og:title\" content=\"L&#039;emploi | M. Vossaert\" \/>\n<meta property=\"og:description\" content=\"\u00ab Mieux (in)former pour un m\u00e9tier \u00e0 la cl\u00e9 \u00bb Le d\u00e9fi de la qualification et de l\u2019emploi \u00e0 Bruxelles constitue pour\" \/>\n<meta property=\"og:url\" content=\"https:\/\/michaelvossaert.be\/?page_id=282\" \/>\n<meta property=\"og:site_name\" content=\"M. Vossaert\" \/>\n<meta property=\"article:modified_time\" content=\"2024-08-11T23:09:51+00:00\" \/>\n<meta property=\"og:image\" content=\"https:\/\/michaelvossaert.be\/wp-content\/uploads\/2023\/04\/RFED.png\" \/>\n<meta name=\"twitter:card\" content=\"summary_large_image\" \/>\n<meta name=\"twitter:label1\" content=\"Dur\u00e9e de lecture estim\u00e9e\" \/>\n\t<meta name=\"twitter:data1\" content=\"2 minutes\" \/>\n<script type=\"application\/ld+json\" class=\"yoast-schema-graph\">{\"@context\":\"https:\/\/schema.org\",\"@graph\":[{\"@type\":\"WebPage\",\"@id\":\"https:\/\/michaelvossaert.be\/?page_id=282\",\"url\":\"https:\/\/michaelvossaert.be\/?page_id=282\",\"name\":\"L'emploi | M. Vossaert\",\"isPartOf\":{\"@id\":\"https:\/\/michaelvossaert.be\/#website\"},\"primaryImageOfPage\":{\"@id\":\"https:\/\/michaelvossaert.be\/?page_id=282#primaryimage\"},\"image\":{\"@id\":\"https:\/\/michaelvossaert.be\/?page_id=282#primaryimage\"},\"thumbnailUrl\":\"https:\/\/michaelvossaert.be\/wp-content\/uploads\/2023\/04\/RFED.png\",\"datePublished\":\"2023-04-24T00:18:53+00:00\",\"dateModified\":\"2024-08-11T23:09:51+00:00\",\"breadcrumb\":{\"@id\":\"https:\/\/michaelvossaert.be\/?page_id=282#breadcrumb\"},\"inLanguage\":\"fr-FR\",\"potentialAction\":[{\"@type\":\"ReadAction\",\"target\":[\"https:\/\/michaelvossaert.be\/?page_id=282\"]}]},{\"@type\":\"ImageObject\",\"inLanguage\":\"fr-FR\",\"@id\":\"https:\/\/michaelvossaert.be\/?page_id=282#primaryimage\",\"url\":\"https:\/\/michaelvossaert.be\/wp-content\/uploads\/2023\/04\/RFED.png\",\"contentUrl\":\"https:\/\/michaelvossaert.be\/wp-content\/uploads\/2023\/04\/RFED.png\",\"width\":2084,\"height\":2256},{\"@type\":\"BreadcrumbList\",\"@id\":\"https:\/\/michaelvossaert.be\/?page_id=282#breadcrumb\",\"itemListElement\":[{\"@type\":\"ListItem\",\"position\":1,\"name\":\"Accueil\",\"item\":\"https:\/\/michaelvossaert.be\/\"},{\"@type\":\"ListItem\",\"position\":2,\"name\":\"L&#8217;emploi\"}]},{\"@type\":\"WebSite\",\"@id\":\"https:\/\/michaelvossaert.be\/#website\",\"url\":\"https:\/\/michaelvossaert.be\/\",\"name\":\"M. Vossaert\",\"description\":\"\",\"potentialAction\":[{\"@type\":\"SearchAction\",\"target\":{\"@type\":\"EntryPoint\",\"urlTemplate\":\"https:\/\/michaelvossaert.be\/?s={search_term_string}\"},\"query-input\":{\"@type\":\"PropertyValueSpecification\",\"valueRequired\":true,\"valueName\":\"search_term_string\"}}],\"inLanguage\":\"fr-FR\"}]}<\/script>\n<!-- \/ Yoast SEO plugin. -->","yoast_head_json":{"title":"L'emploi | M. Vossaert","robots":{"index":"index","follow":"follow","max-snippet":"max-snippet:-1","max-image-preview":"max-image-preview:large","max-video-preview":"max-video-preview:-1"},"canonical":"https:\/\/michaelvossaert.be\/?page_id=282","og_locale":"fr_FR","og_type":"article","og_title":"L'emploi | M. Vossaert","og_description":"\u00ab Mieux (in)former pour un m\u00e9tier \u00e0 la cl\u00e9 \u00bb Le d\u00e9fi de la qualification et de l\u2019emploi \u00e0 Bruxelles constitue pour","og_url":"https:\/\/michaelvossaert.be\/?page_id=282","og_site_name":"M. Vossaert","article_modified_time":"2024-08-11T23:09:51+00:00","og_image":[{"url":"https:\/\/michaelvossaert.be\/wp-content\/uploads\/2023\/04\/RFED.png","type":"","width":"","height":""}],"twitter_card":"summary_large_image","twitter_misc":{"Dur\u00e9e de lecture estim\u00e9e":"2 minutes"},"schema":{"@context":"https:\/\/schema.org","@graph":[{"@type":"WebPage","@id":"https:\/\/michaelvossaert.be\/?page_id=282","url":"https:\/\/michaelvossaert.be\/?page_id=282","name":"L'emploi | M. Vossaert","isPartOf":{"@id":"https:\/\/michaelvossaert.be\/#website"},"primaryImageOfPage":{"@id":"https:\/\/michaelvossaert.be\/?page_id=282#primaryimage"},"image":{"@id":"https:\/\/michaelvossaert.be\/?page_id=282#primaryimage"},"thumbnailUrl":"https:\/\/michaelvossaert.be\/wp-content\/uploads\/2023\/04\/RFED.png","datePublished":"2023-04-24T00:18:53+00:00","dateModified":"2024-08-11T23:09:51+00:00","breadcrumb":{"@id":"https:\/\/michaelvossaert.be\/?page_id=282#breadcrumb"},"inLanguage":"fr-FR","potentialAction":[{"@type":"ReadAction","target":["https:\/\/michaelvossaert.be\/?page_id=282"]}]},{"@type":"ImageObject","inLanguage":"fr-FR","@id":"https:\/\/michaelvossaert.be\/?page_id=282#primaryimage","url":"https:\/\/michaelvossaert.be\/wp-content\/uploads\/2023\/04\/RFED.png","contentUrl":"https:\/\/michaelvossaert.be\/wp-content\/uploads\/2023\/04\/RFED.png","width":2084,"height":2256},{"@type":"BreadcrumbList","@id":"https:\/\/michaelvossaert.be\/?page_id=282#breadcrumb","itemListElement":[{"@type":"ListItem","position":1,"name":"Accueil","item":"https:\/\/michaelvossaert.be\/"},{"@type":"ListItem","position":2,"name":"L&#8217;emploi"}]},{"@type":"WebSite","@id":"https:\/\/michaelvossaert.be\/#website","url":"https:\/\/michaelvossaert.be\/","name":"M. Vossaert","description":"","potentialAction":[{"@type":"SearchAction","target":{"@type":"EntryPoint","urlTemplate":"https:\/\/michaelvossaert.be\/?s={search_term_string}"},"query-input":{"@type":"PropertyValueSpecification","valueRequired":true,"valueName":"search_term_string"}}],"inLanguage":"fr-FR"}]}},"_links":{"self":[{"href":"https:\/\/michaelvossaert.be\/index.php?rest_route=\/wp\/v2\/pages\/282"}],"collection":[{"href":"https:\/\/michaelvossaert.be\/index.php?rest_route=\/wp\/v2\/pages"}],"about":[{"href":"https:\/\/michaelvossaert.be\/index.php?rest_route=\/wp\/v2\/types\/page"}],"author":[{"embeddable":true,"href":"https:\/\/michaelvossaert.be\/index.php?rest_route=\/wp\/v2\/users\/1"}],"replies":[{"embeddable":true,"href":"https:\/\/michaelvossaert.be\/index.php?rest_route=%2Fwp%2Fv2%2Fcomments&post=282"}],"version-history":[{"count":40,"href":"https:\/\/michaelvossaert.be\/index.php?rest_route=\/wp\/v2\/pages\/282\/revisions"}],"predecessor-version":[{"id":1099,"href":"https:\/\/michaelvossaert.be\/index.php?rest_route=\/wp\/v2\/pages\/282\/revisions\/1099"}],"wp:attachment":[{"href":"https:\/\/michaelvossaert.be\/index.php?rest_route=%2Fwp%2Fv2%2Fmedia&parent=282"}],"curies":[{"name":"wp","href":"https:\/\/api.w.org\/{rel}","templated":true}]}}