{"id":279,"date":"2023-04-24T02:18:53","date_gmt":"2023-04-24T00:18:53","guid":{"rendered":"http:\/\/michaelvossaert.be\/?page_id=279"},"modified":"2024-08-12T01:06:22","modified_gmt":"2024-08-11T23:06:22","slug":"education","status":"publish","type":"page","link":"https:\/\/michaelvossaert.be\/?page_id=279","title":{"rendered":"L&rsquo;\u00e9ducation"},"content":{"rendered":"\t\t<div data-elementor-type=\"wp-page\" data-elementor-id=\"279\" class=\"elementor elementor-279\">\n\t\t\t\t\t\t<section class=\"elementor-section elementor-top-section elementor-element elementor-element-12ac18b2 elementor-section-boxed elementor-section-height-default elementor-section-height-default wpr-particle-no wpr-jarallax-no wpr-parallax-no wpr-sticky-section-no wpr-equal-height-no\" data-id=\"12ac18b2\" data-element_type=\"section\" data-e-type=\"section\">\n\t\t\t\t\t\t<div class=\"elementor-container elementor-column-gap-no\">\n\t\t\t\t\t<div class=\"elementor-column elementor-col-100 elementor-top-column elementor-element elementor-element-6279a163\" data-id=\"6279a163\" data-element_type=\"column\" data-e-type=\"column\">\n\t\t\t<div class=\"elementor-widget-wrap elementor-element-populated\">\n\t\t\t\t\t\t<section class=\"elementor-section elementor-inner-section elementor-element elementor-element-185c56b1 elementor-section-boxed elementor-section-height-default elementor-section-height-default wpr-particle-no wpr-jarallax-no wpr-parallax-no wpr-sticky-section-no wpr-equal-height-no\" data-id=\"185c56b1\" data-element_type=\"section\" data-e-type=\"section\">\n\t\t\t\t\t\t<div class=\"elementor-container elementor-column-gap-no\">\n\t\t\t\t\t<div class=\"elementor-column elementor-col-66 elementor-inner-column elementor-element elementor-element-1ff3da5b\" data-id=\"1ff3da5b\" data-element_type=\"column\" data-e-type=\"column\">\n\t\t\t<div class=\"elementor-widget-wrap elementor-element-populated\">\n\t\t\t\t\t\t<div class=\"elementor-element elementor-element-6b2f6128  ui-split-animate elementor-widget__width-initial ui-splitby-chars elementor-widget elementor-widget-heading\" data-id=\"6b2f6128\" data-element_type=\"widget\" data-e-type=\"widget\" data-settings=\"{&quot;ui_animate_split&quot;:&quot;ui-split-animate&quot;,&quot;ui_animate_split_by&quot;:&quot;chars&quot;,&quot;ui_animate_split_style&quot;:&quot;fadeInUp&quot;}\" data-widget_type=\"heading.default\">\n\t\t\t\t<div class=\"elementor-widget-container\">\n\t\t\t\t\t<h2 class=\"elementor-heading-title elementor-size-default\">L'\u00e9ducation, investir dans le capital humain<\/h2>\t\t\t\t<\/div>\n\t\t\t\t<\/div>\n\t\t\t\t\t<\/div>\n\t\t<\/div>\n\t\t\t\t<div class=\"elementor-column elementor-col-33 elementor-inner-column elementor-element elementor-element-2658d774 elementor-invisible\" data-id=\"2658d774\" data-element_type=\"column\" data-e-type=\"column\" data-settings=\"{&quot;animation&quot;:&quot;fadeInLeft&quot;}\">\n\t\t\t<div class=\"elementor-widget-wrap elementor-element-populated\">\n\t\t\t\t\t\t<div class=\"elementor-element elementor-element-50fbef33 elementor-widget__width-initial elementor-hidden-mobile elementor-widget elementor-widget-image\" data-id=\"50fbef33\" data-element_type=\"widget\" data-e-type=\"widget\" data-widget_type=\"image.default\">\n\t\t\t\t<div class=\"elementor-widget-container\">\n\t\t\t\t\t\t\t\t\t\t\t\t\t\t\t<img fetchpriority=\"high\" decoding=\"async\" width=\"2084\" height=\"2256\" src=\"https:\/\/michaelvossaert.be\/wp-content\/uploads\/2023\/04\/RFED.png\" class=\"attachment-full size-full wp-image-144\" alt=\"\" srcset=\"https:\/\/michaelvossaert.be\/wp-content\/uploads\/2023\/04\/RFED.png 2084w, https:\/\/michaelvossaert.be\/wp-content\/uploads\/2023\/04\/RFED-277x300.png 277w, https:\/\/michaelvossaert.be\/wp-content\/uploads\/2023\/04\/RFED-946x1024.png 946w, https:\/\/michaelvossaert.be\/wp-content\/uploads\/2023\/04\/RFED-768x831.png 768w, https:\/\/michaelvossaert.be\/wp-content\/uploads\/2023\/04\/RFED-1419x1536.png 1419w, https:\/\/michaelvossaert.be\/wp-content\/uploads\/2023\/04\/RFED-1892x2048.png 1892w, https:\/\/michaelvossaert.be\/wp-content\/uploads\/2023\/04\/RFED-600x650.png 600w\" sizes=\"(max-width: 2084px) 100vw, 2084px\" \/>\t\t\t\t\t\t\t\t\t\t\t\t\t\t\t<\/div>\n\t\t\t\t<\/div>\n\t\t\t\t\t<\/div>\n\t\t<\/div>\n\t\t\t\t\t<\/div>\n\t\t<\/section>\n\t\t\t\t<section class=\"elementor-section elementor-inner-section elementor-element elementor-element-81164c6 elementor-section-boxed elementor-section-height-default elementor-section-height-default wpr-particle-no wpr-jarallax-no wpr-parallax-no wpr-sticky-section-no wpr-equal-height-no\" data-id=\"81164c6\" data-element_type=\"section\" data-e-type=\"section\">\n\t\t\t\t\t\t<div class=\"elementor-container elementor-column-gap-no\">\n\t\t\t\t\t<div class=\"elementor-column elementor-col-100 elementor-inner-column elementor-element elementor-element-9e0f2ec elementor-invisible\" data-id=\"9e0f2ec\" data-element_type=\"column\" data-e-type=\"column\" data-settings=\"{&quot;animation&quot;:&quot;fadeInRight&quot;}\">\n\t\t\t<div class=\"elementor-widget-wrap elementor-element-populated\">\n\t\t\t\t\t\t<div class=\"elementor-element elementor-element-ed5e910 elementor-widget elementor-widget-heading\" data-id=\"ed5e910\" data-element_type=\"widget\" data-e-type=\"widget\" data-widget_type=\"heading.default\">\n\t\t\t\t<div class=\"elementor-widget-container\">\n\t\t\t\t\t<h3 class=\"elementor-heading-title elementor-size-default\">Lutter contre le d\u00e9crochage scolaire , un ph\u00e9nom\u00e8ne qui grandit et qui inqui\u00e8te <\/h3>\t\t\t\t<\/div>\n\t\t\t\t<\/div>\n\t\t\t\t<div class=\"elementor-element elementor-element-358c08b elementor-widget elementor-widget-text-editor\" data-id=\"358c08b\" data-element_type=\"widget\" data-e-type=\"widget\" data-widget_type=\"text-editor.default\">\n\t\t\t\t<div class=\"elementor-widget-container\">\n\t\t\t\t\t\t\t\t\t<p style=\"font-weight: 400;\">Dans notre pays,&nbsp;<strong>le taux de d\u00e9crochage scolaire se situe en dessous de la moyenne europ\u00e9enne et a atteint 6,7% en 2021.<\/strong>&nbsp;Cependant, nous remarquons que le pourcentage de jeunes en interruptions pr\u00e9matur\u00e9es de scolarit\u00e9 en Flandre (5,3%) est plus faible que dans les autres r\u00e9gions. En effet, le taux de d\u00e9crochage scolaire est de 8,3% en Wallonie et de 9,1% \u00e0 Bruxelles.<\/p>\n<p style=\"font-weight: 400;\">Il&nbsp; est primordial de m\u00ealer les acteurs externes du syst\u00e8me scolaire comme les associations sportives ou culturelles dans la lutte contre l\u2019abandon scolaire. En effet, \u00e9tant moi-m\u00eame ancien entra\u00eeneur de football , j\u2019ai pu constater tout le soutien que l\u2019on pouvait apporter aux jeunes qui se trouvaient dans une situation de d\u00e9crochage.<\/p>\n<p>C\u2019est pourquoi, avec l\u2019\u00e9quipe de D\u00e9FI en F\u00e9d\u00e9ration Wallonie-Bruxelles,&nbsp; nous avons propos\u00e9 de cr\u00e9er&nbsp;<strong style=\"font-weight: 400;\">un projet d\u2019inclusion via un partenariat entre le monde sportif&nbsp;et les \u00e9coles<\/strong>.&nbsp; Pour ce faire, nous avons \u00e9t\u00e9 \u00e0 la rencontre des fondateurs de l\u2019<strong style=\"font-weight: 400;\">Agence Education par le sport<\/strong>&nbsp;en France et plus pr\u00e9cis\u00e9ment, nous avons \u00e9t\u00e9 sur place \u00e0 Roubaix pour d\u00e9couvrir les activit\u00e9s de cette agence aupr\u00e8s des jeunes.&nbsp;&nbsp;<strong style=\"font-weight: 400;\">J\u2019en suis convaincu, un cadre de coordination entre les acteurs scolaires et les clubs sportifs constitue un soutien efficace aux jeunes quelle que soit l\u2019\u00e9tape du processus de d\u00e9crochage.&nbsp;<\/strong><\/p>\t\t\t\t\t\t\t\t<\/div>\n\t\t\t\t<\/div>\n\t\t\t\t<div class=\"elementor-element elementor-element-9ac303d elementor-widget elementor-widget-text-editor\" data-id=\"9ac303d\" data-element_type=\"widget\" data-e-type=\"widget\" data-widget_type=\"text-editor.default\">\n\t\t\t\t<div class=\"elementor-widget-container\">\n\t\t\t\t\t\t\t\t\t<p><a href=\"https:\/\/bx1.be\/categories\/news\/michael-vossaert-defi-veut-lutter-contre-le-decrochage-scolaire-a-travers-le-sport\/\">https:\/\/bx1.be\/categories\/news\/michael-vossaert-defi-veut-lutter-contre-le-decrochage-scolaire-a-travers-le-sport\/<\/a><\/p>\t\t\t\t\t\t\t\t<\/div>\n\t\t\t\t<\/div>\n\t\t\t\t\t<\/div>\n\t\t<\/div>\n\t\t\t\t\t<\/div>\n\t\t<\/section>\n\t\t\t\t<section class=\"elementor-section elementor-inner-section elementor-element elementor-element-b09d2ff elementor-section-boxed elementor-section-height-default elementor-section-height-default wpr-particle-no wpr-jarallax-no wpr-parallax-no wpr-sticky-section-no wpr-equal-height-no\" data-id=\"b09d2ff\" data-element_type=\"section\" data-e-type=\"section\">\n\t\t\t\t\t\t<div class=\"elementor-container elementor-column-gap-no\">\n\t\t\t\t\t<div class=\"elementor-column elementor-col-100 elementor-inner-column elementor-element elementor-element-2e43f2e elementor-invisible\" data-id=\"2e43f2e\" data-element_type=\"column\" data-e-type=\"column\" data-settings=\"{&quot;animation&quot;:&quot;fadeInRight&quot;}\">\n\t\t\t<div class=\"elementor-widget-wrap elementor-element-populated\">\n\t\t\t\t\t\t<div class=\"elementor-element elementor-element-8acd841 elementor-widget elementor-widget-heading\" data-id=\"8acd841\" data-element_type=\"widget\" data-e-type=\"widget\" data-widget_type=\"heading.default\">\n\t\t\t\t<div class=\"elementor-widget-container\">\n\t\t\t\t\t<h3 class=\"elementor-heading-title elementor-size-default\">Adopter un contrat pour les jeunes enseignants <\/h3>\t\t\t\t<\/div>\n\t\t\t\t<\/div>\n\t\t\t\t<div class=\"elementor-element elementor-element-2a301e3 elementor-widget elementor-widget-text-editor\" data-id=\"2a301e3\" data-element_type=\"widget\" data-e-type=\"widget\" data-widget_type=\"text-editor.default\">\n\t\t\t\t<div class=\"elementor-widget-container\">\n\t\t\t\t\t\t\t\t\t<p style=\"font-weight: 400;\">A c\u00f4t\u00e9 de cela, nous devons \u00e9galement r\u00e9gler en urgence le probl\u00e8me de la p\u00e9nurie des enseignants.<\/p><p style=\"font-weight: 400;\"><strong>1 enseignant sur 5 quitte pr\u00e9matur\u00e9ment l\u2019enseignement<\/strong>. Apr\u00e8s de nombreuses rencontres avec une s\u00e9rie d\u2019acteurs (syndicats, directions d\u2019\u00e9coles, enseignants, associations des parents), nous avons propos\u00e9 l\u2019adoption d\u2019un v\u00e9ritable contrat pour les jeunes enseignants avec 6 mesures pour lutter contrer ce ph\u00e9nom\u00e8ne de la p\u00e9nurie et valoriser le secteur. Il faut soutenir les jeunes enseignants d\u00e8s les premi\u00e8res \u00e9tapes de leurs parcours.\u00a0<\/p>\t\t\t\t\t\t\t\t<\/div>\n\t\t\t\t<\/div>\n\t\t\t\t<div class=\"elementor-element elementor-element-20c3e37 elementor-widget elementor-widget-text-editor\" data-id=\"20c3e37\" data-element_type=\"widget\" data-e-type=\"widget\" data-widget_type=\"text-editor.default\">\n\t\t\t\t<div class=\"elementor-widget-container\">\n\t\t\t\t\t\t\t\t\t<p><a style=\"font-size: inherit; background-color: #ffffff; font-family: var(--uicore-typography--p-f,'Inter'); font-style: var(--uicore-typography--p-st,'normal'); font-weight: var(--uicore-typography--p-w,'600'); letter-spacing: var(--uicore-typography--p-ls,'-0.027em'); text-transform: var(--uicore-typography--p-t,'none');\" href=\"https:\/\/www.lavenir.net\/actu\/societe\/2022\/07\/06\/defipresente-6-pistes-pour-renforcer-lattractivite-du-metier-denseignant-OGVZAYDYGBGYHIOSC7RFBV4OLA\/\">https:\/\/www.lavenir.net\/actu\/societe\/2022\/07\/06\/defipresente-6-pistes-pour-renforcer-lattractivite-du-metier-denseignant-OGVZAYDYGBGYHIOSC7RFBV4OLA\/<\/a><\/p>\t\t\t\t\t\t\t\t<\/div>\n\t\t\t\t<\/div>\n\t\t\t\t\t<\/div>\n\t\t<\/div>\n\t\t\t\t\t<\/div>\n\t\t<\/section>\n\t\t\t\t<section class=\"elementor-section elementor-inner-section elementor-element elementor-element-797b080 elementor-section-boxed elementor-section-height-default elementor-section-height-default wpr-particle-no wpr-jarallax-no wpr-parallax-no wpr-sticky-section-no wpr-equal-height-no\" data-id=\"797b080\" data-element_type=\"section\" data-e-type=\"section\">\n\t\t\t\t\t\t<div class=\"elementor-container elementor-column-gap-no\">\n\t\t\t\t\t<div class=\"elementor-column elementor-col-100 elementor-inner-column elementor-element elementor-element-6542790 elementor-invisible\" data-id=\"6542790\" data-element_type=\"column\" data-e-type=\"column\" data-settings=\"{&quot;animation&quot;:&quot;fadeInRight&quot;}\">\n\t\t\t<div class=\"elementor-widget-wrap elementor-element-populated\">\n\t\t\t\t\t\t<div class=\"elementor-element elementor-element-1f9f73c elementor-widget elementor-widget-heading\" data-id=\"1f9f73c\" data-element_type=\"widget\" data-e-type=\"widget\" data-widget_type=\"heading.default\">\n\t\t\t\t<div class=\"elementor-widget-container\">\n\t\t\t\t\t<h3 class=\"elementor-heading-title elementor-size-default\">Valoriser le qualifiant, une fili\u00e8re d'avenir <\/h3>\t\t\t\t<\/div>\n\t\t\t\t<\/div>\n\t\t\t\t<div class=\"elementor-element elementor-element-bc08d41 elementor-widget elementor-widget-text-editor\" data-id=\"bc08d41\" data-element_type=\"widget\" data-e-type=\"widget\" data-widget_type=\"text-editor.default\">\n\t\t\t\t<div class=\"elementor-widget-container\">\n\t\t\t\t\t\t\t\t\t<p style=\"font-weight: 400;\">La fili\u00e8re du qualifiant comporte de\u00a0<strong>nombreux \u00e9l\u00e8ves talentueux<\/strong>, mais elle souffre d\u2019une image n\u00e9gative, d\u2019une baisse de sa fr\u00e9quentation, d\u2019un taux d\u2019\u00e9chec important malgr\u00e9 des d\u00e9penses au-dessus de la moyenne par rapport aux autres pays europ\u00e9ens et d\u2019un d\u00e9crochage plus pr\u00e9gnant que dans d\u2019autres secteurs.\u00a0<strong>Sur 11 300 \u00e9l\u00e8ves qui sortent chaque ann\u00e9e de l\u2019enseignement sans dipl\u00f4me, 80 % sont issus des fili\u00e8res du qualifiant<\/strong>.<\/p><p style=\"font-weight: 400;\">Pour moi et mon groupe en F\u00e9d\u00e9ration Wallonie-Bruxelles, la situation n\u2019est plus tenable. Il faut r\u00e9agir et notamment sur base de l\u2019\u00e9tat des lieux r\u00e9alis\u00e9 par l\u2019ASBL \u00ab\u00a0Agir pour l\u2019enseignenement\u00a0\u00bb.<\/p><p style=\"font-weight: 400;\">Apr\u00e8s une s\u00e9rie de rencontres et d\u2019un colloque sur la question,<strong>\u00a0un texte de r\u00e9solution qui s\u2019articule autour de sept solutions a \u00e9t\u00e9 d\u00e9pos\u00e9 par notre \u00e9quipe en F\u00e9d\u00e9ration Wallonie-Bruxelles<\/strong>. Nous poposons par exemple de BOOSTER\u00a0<strong>l\u2019alternance.<\/strong>\u00a0Il faut plus de pratique, plus d\u2019immersion. Nous insistons \u00e9galement sur la n\u00e9cessit\u00e9 d\u2019adopter rapidement un v\u00e9ritable\u00a0<strong><em>pacte du \u00ab\u00a0qualifiant\u00a0\u00bb<\/em><\/strong>\u00a0avec tous les gouvernements francophones. Enfin , et \u00e0 titre personnel , j\u2019ai \u00e0 c\u0153ur de revaloriser cette fili\u00e8re pour en faire une fili\u00e8re\u00a0<strong>de premier choix<\/strong>\u00a0et plus une fili\u00e8re de rel\u00e9gation. Je suis convaincu qu\u2019il y a un rendez-vous \u00e0 ne pas manquer pour les prochaines ann\u00e9es. Et ce rendez-vous, cette v\u00e9ritable opportunit\u00e9 c\u2019est l\u2019enseignement qualifiant, c\u2019est un enseignement moderne et qui\u00a0<strong>d\u00e9bouche vers des m\u00e9tiers d\u2019avenir !<\/strong><\/p>\t\t\t\t\t\t\t\t<\/div>\n\t\t\t\t<\/div>\n\t\t\t\t<div class=\"elementor-element elementor-element-e81c913 elementor-widget elementor-widget-text-editor\" data-id=\"e81c913\" data-element_type=\"widget\" data-e-type=\"widget\" data-widget_type=\"text-editor.default\">\n\t\t\t\t<div class=\"elementor-widget-container\">\n\t\t\t\t\t\t\t\t\t<p><a href=\"https:\/\/bx1.be\/categories\/news\/defi-demande-un-pacte-pour-lenseignement-qualifiant\/\">https:\/\/bx1.be\/categories\/news\/defi-demande-un-pacte-pour-lenseignement-qualifiant\/<\/a><\/p>\t\t\t\t\t\t\t\t<\/div>\n\t\t\t\t<\/div>\n\t\t\t\t\t<\/div>\n\t\t<\/div>\n\t\t\t\t\t<\/div>\n\t\t<\/section>\n\t\t\t\t\t<\/div>\n\t\t<\/div>\n\t\t\t\t\t<\/div>\n\t\t<\/section>\n\t\t\t\t<section class=\"elementor-section elementor-inner-section elementor-element elementor-element-5ff4562c elementor-section-boxed elementor-section-height-default elementor-section-height-default wpr-particle-no wpr-jarallax-no wpr-parallax-no wpr-sticky-section-no wpr-equal-height-no\" data-id=\"5ff4562c\" data-element_type=\"section\" data-e-type=\"section\">\n\t\t\t\t\t\t<div class=\"elementor-container elementor-column-gap-no\">\n\t\t\t\t\t<div class=\"elementor-column elementor-col-100 elementor-inner-column elementor-element elementor-element-1ffa8a8c elementor-invisible\" data-id=\"1ffa8a8c\" data-element_type=\"column\" data-e-type=\"column\" data-settings=\"{&quot;animation&quot;:&quot;fadeInRight&quot;}\">\n\t\t\t<div class=\"elementor-widget-wrap elementor-element-populated\">\n\t\t\t\t\t\t<div class=\"elementor-element elementor-element-25d088f6 elementor-widget elementor-widget-heading\" data-id=\"25d088f6\" data-element_type=\"widget\" data-e-type=\"widget\" data-widget_type=\"heading.default\">\n\t\t\t\t<div class=\"elementor-widget-container\">\n\t\t\t\t\t<h3 class=\"elementor-heading-title elementor-size-default\">Pour plus d'information...<\/h3>\t\t\t\t<\/div>\n\t\t\t\t<\/div>\n\t\t\t\t<div class=\"elementor-element elementor-element-46bdbae4 elementor-widget elementor-widget-text-editor\" data-id=\"46bdbae4\" data-element_type=\"widget\" data-e-type=\"widget\" data-widget_type=\"text-editor.default\">\n\t\t\t\t<div class=\"elementor-widget-container\">\n\t\t\t\t\t\t\t\t\t<p><a href=\"https:\/\/bx1.be\/categories\/news\/michael-vossaert-defi-veut-lutter-contre-le-decrochage-scolaire-a-travers-le-sport\/\">https:\/\/bx1.be\/categories\/news\/michael-vossaert-defi-veut-lutter-contre-le-decrochage-scolaire-a-travers-le-sport\/<\/a><\/p><p><a href=\"https:\/\/bx1.be\/categories\/news\/defi-demande-un-pacte-pour-lenseignement-qualifiant\/\">https:\/\/bx1.be\/categories\/news\/defi-demande-un-pacte-pour-lenseignement-qualifiant\/<\/a><\/p><p><a href=\"https:\/\/www.lavenir.net\/actu\/societe\/2022\/07\/06\/defipresente-6-pistes-pour-renforcer-lattractivite-du-metier-denseignant-OGVZAYDYGBGYHIOSC7RFBV4OLA\/\">https:\/\/www.lavenir.net\/actu\/societe\/2022\/07\/06\/defipresente-6-pistes-pour-renforcer-lattractivite-du-metier-denseignant-OGVZAYDYGBGYHIOSC7RFBV4OLA\/<\/a><\/p>\t\t\t\t\t\t\t\t<\/div>\n\t\t\t\t<\/div>\n\t\t\t\t\t<\/div>\n\t\t<\/div>\n\t\t\t\t\t<\/div>\n\t\t<\/section>\n\t\t\t\t<\/div>\n\t\t","protected":false},"excerpt":{"rendered":"<p>L&rsquo;\u00e9ducation, investir dans le capital humain Lutter contre le d\u00e9crochage scolaire , un ph\u00e9nom\u00e8ne qui grandit et qui inqui\u00e8te Dans notre pays,&nbsp;le<\/p>\n","protected":false},"author":1,"featured_media":0,"parent":0,"menu_order":0,"comment_status":"closed","ping_status":"closed","template":"","meta":{"footnotes":""},"class_list":["post-279","page","type-page","status-publish","hentry"],"yoast_head":"<!-- This site is optimized with the Yoast SEO plugin v25.6 - https:\/\/yoast.com\/wordpress\/plugins\/seo\/ -->\n<title>L&#039;\u00e9ducation | M. Vossaert<\/title>\n<meta name=\"robots\" content=\"index, follow, max-snippet:-1, max-image-preview:large, max-video-preview:-1\" \/>\n<link rel=\"canonical\" href=\"https:\/\/michaelvossaert.be\/?page_id=279\" \/>\n<meta property=\"og:locale\" content=\"fr_FR\" \/>\n<meta property=\"og:type\" content=\"article\" \/>\n<meta property=\"og:title\" content=\"L&#039;\u00e9ducation | M. Vossaert\" \/>\n<meta property=\"og:description\" content=\"L&rsquo;\u00e9ducation, investir dans le capital humain Lutter contre le d\u00e9crochage scolaire , un ph\u00e9nom\u00e8ne qui grandit et qui inqui\u00e8te Dans notre pays,&nbsp;le\" \/>\n<meta property=\"og:url\" content=\"https:\/\/michaelvossaert.be\/?page_id=279\" \/>\n<meta property=\"og:site_name\" content=\"M. Vossaert\" \/>\n<meta property=\"article:modified_time\" content=\"2024-08-11T23:06:22+00:00\" \/>\n<meta property=\"og:image\" content=\"https:\/\/michaelvossaert.be\/wp-content\/uploads\/2023\/04\/RFED.png\" \/>\n<meta name=\"twitter:card\" content=\"summary_large_image\" \/>\n<meta name=\"twitter:label1\" content=\"Dur\u00e9e de lecture estim\u00e9e\" \/>\n\t<meta name=\"twitter:data1\" content=\"4 minutes\" \/>\n<script type=\"application\/ld+json\" class=\"yoast-schema-graph\">{\"@context\":\"https:\/\/schema.org\",\"@graph\":[{\"@type\":\"WebPage\",\"@id\":\"https:\/\/michaelvossaert.be\/?page_id=279\",\"url\":\"https:\/\/michaelvossaert.be\/?page_id=279\",\"name\":\"L'\u00e9ducation | M. Vossaert\",\"isPartOf\":{\"@id\":\"https:\/\/michaelvossaert.be\/#website\"},\"primaryImageOfPage\":{\"@id\":\"https:\/\/michaelvossaert.be\/?page_id=279#primaryimage\"},\"image\":{\"@id\":\"https:\/\/michaelvossaert.be\/?page_id=279#primaryimage\"},\"thumbnailUrl\":\"https:\/\/michaelvossaert.be\/wp-content\/uploads\/2023\/04\/RFED.png\",\"datePublished\":\"2023-04-24T00:18:53+00:00\",\"dateModified\":\"2024-08-11T23:06:22+00:00\",\"breadcrumb\":{\"@id\":\"https:\/\/michaelvossaert.be\/?page_id=279#breadcrumb\"},\"inLanguage\":\"fr-FR\",\"potentialAction\":[{\"@type\":\"ReadAction\",\"target\":[\"https:\/\/michaelvossaert.be\/?page_id=279\"]}]},{\"@type\":\"ImageObject\",\"inLanguage\":\"fr-FR\",\"@id\":\"https:\/\/michaelvossaert.be\/?page_id=279#primaryimage\",\"url\":\"https:\/\/michaelvossaert.be\/wp-content\/uploads\/2023\/04\/RFED.png\",\"contentUrl\":\"https:\/\/michaelvossaert.be\/wp-content\/uploads\/2023\/04\/RFED.png\",\"width\":2084,\"height\":2256},{\"@type\":\"BreadcrumbList\",\"@id\":\"https:\/\/michaelvossaert.be\/?page_id=279#breadcrumb\",\"itemListElement\":[{\"@type\":\"ListItem\",\"position\":1,\"name\":\"Accueil\",\"item\":\"https:\/\/michaelvossaert.be\/\"},{\"@type\":\"ListItem\",\"position\":2,\"name\":\"L&#8217;\u00e9ducation\"}]},{\"@type\":\"WebSite\",\"@id\":\"https:\/\/michaelvossaert.be\/#website\",\"url\":\"https:\/\/michaelvossaert.be\/\",\"name\":\"M. Vossaert\",\"description\":\"\",\"potentialAction\":[{\"@type\":\"SearchAction\",\"target\":{\"@type\":\"EntryPoint\",\"urlTemplate\":\"https:\/\/michaelvossaert.be\/?s={search_term_string}\"},\"query-input\":{\"@type\":\"PropertyValueSpecification\",\"valueRequired\":true,\"valueName\":\"search_term_string\"}}],\"inLanguage\":\"fr-FR\"}]}<\/script>\n<!-- \/ Yoast SEO plugin. -->","yoast_head_json":{"title":"L'\u00e9ducation | M. Vossaert","robots":{"index":"index","follow":"follow","max-snippet":"max-snippet:-1","max-image-preview":"max-image-preview:large","max-video-preview":"max-video-preview:-1"},"canonical":"https:\/\/michaelvossaert.be\/?page_id=279","og_locale":"fr_FR","og_type":"article","og_title":"L'\u00e9ducation | M. Vossaert","og_description":"L&rsquo;\u00e9ducation, investir dans le capital humain Lutter contre le d\u00e9crochage scolaire , un ph\u00e9nom\u00e8ne qui grandit et qui inqui\u00e8te Dans notre pays,&nbsp;le","og_url":"https:\/\/michaelvossaert.be\/?page_id=279","og_site_name":"M. Vossaert","article_modified_time":"2024-08-11T23:06:22+00:00","og_image":[{"url":"https:\/\/michaelvossaert.be\/wp-content\/uploads\/2023\/04\/RFED.png","type":"","width":"","height":""}],"twitter_card":"summary_large_image","twitter_misc":{"Dur\u00e9e de lecture estim\u00e9e":"4 minutes"},"schema":{"@context":"https:\/\/schema.org","@graph":[{"@type":"WebPage","@id":"https:\/\/michaelvossaert.be\/?page_id=279","url":"https:\/\/michaelvossaert.be\/?page_id=279","name":"L'\u00e9ducation | M. Vossaert","isPartOf":{"@id":"https:\/\/michaelvossaert.be\/#website"},"primaryImageOfPage":{"@id":"https:\/\/michaelvossaert.be\/?page_id=279#primaryimage"},"image":{"@id":"https:\/\/michaelvossaert.be\/?page_id=279#primaryimage"},"thumbnailUrl":"https:\/\/michaelvossaert.be\/wp-content\/uploads\/2023\/04\/RFED.png","datePublished":"2023-04-24T00:18:53+00:00","dateModified":"2024-08-11T23:06:22+00:00","breadcrumb":{"@id":"https:\/\/michaelvossaert.be\/?page_id=279#breadcrumb"},"inLanguage":"fr-FR","potentialAction":[{"@type":"ReadAction","target":["https:\/\/michaelvossaert.be\/?page_id=279"]}]},{"@type":"ImageObject","inLanguage":"fr-FR","@id":"https:\/\/michaelvossaert.be\/?page_id=279#primaryimage","url":"https:\/\/michaelvossaert.be\/wp-content\/uploads\/2023\/04\/RFED.png","contentUrl":"https:\/\/michaelvossaert.be\/wp-content\/uploads\/2023\/04\/RFED.png","width":2084,"height":2256},{"@type":"BreadcrumbList","@id":"https:\/\/michaelvossaert.be\/?page_id=279#breadcrumb","itemListElement":[{"@type":"ListItem","position":1,"name":"Accueil","item":"https:\/\/michaelvossaert.be\/"},{"@type":"ListItem","position":2,"name":"L&#8217;\u00e9ducation"}]},{"@type":"WebSite","@id":"https:\/\/michaelvossaert.be\/#website","url":"https:\/\/michaelvossaert.be\/","name":"M. Vossaert","description":"","potentialAction":[{"@type":"SearchAction","target":{"@type":"EntryPoint","urlTemplate":"https:\/\/michaelvossaert.be\/?s={search_term_string}"},"query-input":{"@type":"PropertyValueSpecification","valueRequired":true,"valueName":"search_term_string"}}],"inLanguage":"fr-FR"}]}},"_links":{"self":[{"href":"https:\/\/michaelvossaert.be\/index.php?rest_route=\/wp\/v2\/pages\/279"}],"collection":[{"href":"https:\/\/michaelvossaert.be\/index.php?rest_route=\/wp\/v2\/pages"}],"about":[{"href":"https:\/\/michaelvossaert.be\/index.php?rest_route=\/wp\/v2\/types\/page"}],"author":[{"embeddable":true,"href":"https:\/\/michaelvossaert.be\/index.php?rest_route=\/wp\/v2\/users\/1"}],"replies":[{"embeddable":true,"href":"https:\/\/michaelvossaert.be\/index.php?rest_route=%2Fwp%2Fv2%2Fcomments&post=279"}],"version-history":[{"count":54,"href":"https:\/\/michaelvossaert.be\/index.php?rest_route=\/wp\/v2\/pages\/279\/revisions"}],"predecessor-version":[{"id":1090,"href":"https:\/\/michaelvossaert.be\/index.php?rest_route=\/wp\/v2\/pages\/279\/revisions\/1090"}],"wp:attachment":[{"href":"https:\/\/michaelvossaert.be\/index.php?rest_route=%2Fwp%2Fv2%2Fmedia&parent=279"}],"curies":[{"name":"wp","href":"https:\/\/api.w.org\/{rel}","templated":true}]}}